{"id":97,"date":"2022-10-30T15:15:40","date_gmt":"2022-10-30T15:15:40","guid":{"rendered":"https:\/\/bauerflorian.de\/?page_id=97"},"modified":"2022-10-30T15:31:14","modified_gmt":"2022-10-30T15:31:14","slug":"impressum","status":"publish","type":"page","link":"https:\/\/bauerflorian.de\/?page_id=97","title":{"rendered":"Impressum"},"content":{"rendered":"<p>Views: 451<\/p>\n<p><em>Anbieter dieser Internetseite ist:<\/em><\/p>\n\n\n\n<p><\/p>\n\n\n\n<p><strong>Florian Bauer<\/strong><\/p>\n\n\n\n<p>F\u00f6hrenweg 10<\/p>\n\n\n\n<p>92260 Ammerthal<\/p>\n\n\n\n<p>E-Mail: mail@bauerflorian.de<\/p>\n\n\n\n<p><\/p>\n\n\n\n<p><em>Inhaltlich Verantwortlicher gem\u00e4\u00df \u00a7 18 Abs. 2 MStV: Florian Bauer<\/em><\/p>\n","protected":false},"excerpt":{"rendered":"<p>Views: 451 Anbieter dieser Internetseite ist: Florian Bauer F\u00f6hrenweg 10 92260 Ammerthal E-Mail: mail@bauerflorian.de Inhaltlich Verantwortlicher gem\u00e4\u00df \u00a7 18 Abs. 2 MStV: Florian Bauer<a class=\"more-link\" href=\"https:\/\/bauerflorian.de\/?page_id=97\">Read More &rarr;<\/a><\/p>\n","protected":false},"author":1,"featured_media":0,"parent":0,"menu_order":0,"comment_status":"closed","ping_status":"closed","template":"","meta":{"footnotes":""},"class_list":["entry","page","publish","author-wpadmin28","post-97"],"_links":{"self":[{"href":"https:\/\/bauerflorian.de\/index.php?rest_route=\/wp\/v2\/pages\/97","targetHints":{"allow":["GET"]}}],"collection":[{"href":"https:\/\/bauerflorian.de\/index.php?rest_route=\/wp\/v2\/pages"}],"about":[{"href":"https:\/\/bauerflorian.de\/index.php?rest_route=\/wp\/v2\/types\/page"}],"author":[{"embeddable":true,"href":"https:\/\/bauerflorian.de\/index.php?rest_route=\/wp\/v2\/users\/1"}],"replies":[{"embeddable":true,"href":"https:\/\/bauerflorian.de\/index.php?rest_route=%2Fwp%2Fv2%2Fcomments&post=97"}],"version-history":[{"count":3,"href":"https:\/\/bauerflorian.de\/index.php?rest_route=\/wp\/v2\/pages\/97\/revisions"}],"predecessor-version":[{"id":109,"href":"https:\/\/bauerflorian.de\/index.php?rest_route=\/wp\/v2\/pages\/97\/revisions\/109"}],"wp:attachment":[{"href":"https:\/\/bauerflorian.de\/index.php?rest_route=%2Fwp%2Fv2%2Fmedia&parent=97"}],"curies":[{"name":"wp","href":"https:\/\/api.w.org\/{rel}","templated":true}]}}